{"id":2289,"date":"2020-09-14T09:19:41","date_gmt":"2020-09-14T09:19:41","guid":{"rendered":"https:\/\/ldc.com.sa\/?page_id=2289"},"modified":"2023-10-02T08:35:19","modified_gmt":"2023-10-02T08:35:19","slug":"attronys","status":"publish","type":"page","link":"https:\/\/ldc.com.sa\/fr\/attronys\/","title":{"rendered":"Nos conseillers"},"content":{"rendered":"<div data-elementor-type=\"wp-page\" data-elementor-id=\"2289\" class=\"elementor elementor-2289\" data-elementor-post-type=\"page\">\n\t\t\t\t\t\t<section class=\"elementor-section elementor-top-section elementor-element elementor-element-776b0dc9 elementor-section-boxed elementor-section-height-default elementor-section-height-default\" data-id=\"776b0dc9\" data-element_type=\"section\" data-settings=\"{&quot;background_background&quot;:&quot;classic&quot;,&quot;ekit_has_onepagescroll_dot&quot;:&quot;yes&quot;}\">\n\t\t\t\t\t\t<div class=\"elementor-container elementor-column-gap-default\">\n\t\t\t\t\t<div class=\"elementor-column elementor-col-100 elementor-top-column elementor-element elementor-element-245ee773\" data-id=\"245ee773\" data-element_type=\"column\">\n\t\t\t<div class=\"elementor-widget-wrap elementor-element-populated\">\n\t\t\t\t\t\t<section class=\"elementor-section elementor-inner-section elementor-element elementor-element-e5f14f3 elementor-section-boxed elementor-section-height-default elementor-section-height-default\" data-id=\"e5f14f3\" data-element_type=\"section\" data-settings=\"{&quot;ekit_has_onepagescroll_dot&quot;:&quot;yes&quot;}\">\n\t\t\t\t\t\t<div class=\"elementor-container elementor-column-gap-default\">\n\t\t\t\t\t<div class=\"elementor-column elementor-col-100 elementor-inner-column elementor-element elementor-element-fb5e2ae\" data-id=\"fb5e2ae\" data-element_type=\"column\">\n\t\t\t<div class=\"elementor-widget-wrap elementor-element-populated\">\n\t\t\t\t\t\t<div class=\"elementor-element elementor-element-8b08852 elementor-widget__width-initial study-list elementor-widget elementor-widget-elementskit-heading\" data-id=\"8b08852\" data-element_type=\"widget\" data-settings=\"{&quot;ekit_we_effect_on&quot;:&quot;none&quot;}\" data-widget_type=\"elementskit-heading.default\">\n\t\t\t\t<div class=\"elementor-widget-container\">\n\t\t\t<div class=\"ekit-wid-con\" ><div class=\"ekit-heading elementskit-section-title-wraper text_center   ekit_heading_tablet-   ekit_heading_mobile-\"><span class=\"elementskit-section-subtitle  elementskit-style-border\">\n\t\t\t\t\t\tNos conseillers\n\t\t\t\t\t<\/span><h2 class=\"ekit-heading--title elementskit-section-title\">Apprenez \u00e0 conna\u00eetre notre \u00e9quipe chez LDC<\/h2><\/div><\/div>\t\t<\/div>\n\t\t\t\t<\/div>\n\t\t<div class=\"elementor-element elementor-element-33cf27b e-grid e-con-boxed e-con e-parent\" data-id=\"33cf27b\" data-element_type=\"container\" data-settings=\"{&quot;container_type&quot;:&quot;grid&quot;,&quot;grid_rows_grid&quot;:{&quot;unit&quot;:&quot;fr&quot;,&quot;size&quot;:4,&quot;sizes&quot;:[]},&quot;content_width&quot;:&quot;boxed&quot;,&quot;grid_outline&quot;:&quot;yes&quot;,&quot;grid_columns_grid&quot;:{&quot;unit&quot;:&quot;fr&quot;,&quot;size&quot;:3,&quot;sizes&quot;:[]},&quot;grid_columns_grid_tablet&quot;:{&quot;unit&quot;:&quot;fr&quot;,&quot;size&quot;:&quot;&quot;,&quot;sizes&quot;:[]},&quot;grid_columns_grid_mobile&quot;:{&quot;unit&quot;:&quot;fr&quot;,&quot;size&quot;:1,&quot;sizes&quot;:[]},&quot;grid_rows_grid_tablet&quot;:{&quot;unit&quot;:&quot;fr&quot;,&quot;size&quot;:&quot;&quot;,&quot;sizes&quot;:[]},&quot;grid_rows_grid_mobile&quot;:{&quot;unit&quot;:&quot;fr&quot;,&quot;size&quot;:&quot;&quot;,&quot;sizes&quot;:[]},&quot;grid_auto_flow&quot;:&quot;row&quot;,&quot;grid_auto_flow_tablet&quot;:&quot;row&quot;,&quot;grid_auto_flow_mobile&quot;:&quot;row&quot;,&quot;ekit_has_onepagescroll_dot&quot;:&quot;yes&quot;}\" data-core-v316-plus=\"true\">\n\t\t\t\t\t<div class=\"e-con-inner\">\n\t\t\t\t<div class=\"elementor-element elementor-element-258fb78 elementor-widget elementor-widget-elementskit-team\" data-id=\"258fb78\" data-element_type=\"widget\" data-settings=\"{&quot;ekit_we_effect_on&quot;:&quot;none&quot;}\" data-widget_type=\"elementskit-team.default\">\n\t\t\t\t<div class=\"elementor-widget-container\">\n\t\t\t<div class=\"ekit-wid-con\">\t\t\t\t\t\t\t\t\n\t\t<div class=\"profile-card elementor-animation- text-center ekit-team-style-default\">\n\t\t\t\t\t\t\n\t\t\t\t<div class=\"profile-header ekit-team-img ekit-img-overlay ekit-team-img-block\" >\n\t\t\t\t\t<img fetchpriority=\"high\" decoding=\"async\" width=\"758\" height=\"758\" src=\"https:\/\/ldc.com.sa\/wp-content\/uploads\/2022\/11\/Abdullah-2-Dark.jpg\" class=\"attachment-large size-large wp-image-2788\" alt=\"\" srcset=\"https:\/\/ldc.com.sa\/wp-content\/uploads\/2022\/11\/Abdullah-2-Dark.jpg 758w, https:\/\/ldc.com.sa\/wp-content\/uploads\/2022\/11\/Abdullah-2-Dark-150x150.jpg 150w\" sizes=\"(max-width: 758px) 100vw, 758px\" \/>\t\t\t\t<\/div><!-- .profile-header END -->\n\t\t\t\t\t\t\n\n\t\t\t\t<div class=\"profile-body\">\n\t\t\t\t\t\n\t\t\t\t\t<h2 class=\"profile-title\">\n\t\t\t\t\t\t\t\t\t\t\tAbdallah Al-Dosari\t\t\t\t\t\t\t\t\t\t<\/h2>\n\t\t\t\t\t<p class=\"profile-designation\">Avocat et fondateur de la soci\u00e9t\u00e9 judiciaire Etijah<\/p>\n\t\t\t\t\t\t\t\t\t<\/div><!-- .profile-body END -->\n\n\t\t\t\t\t\t\t\t<\/div>\n\t\t\t\t\t\t\t\n\t\t\t\n\t\t\t\t<\/div>\t\t<\/div>\n\t\t\t\t<\/div>\n\t\t\t\t<div class=\"elementor-element elementor-element-3859a67 elementor-widget elementor-widget-elementskit-team\" data-id=\"3859a67\" data-element_type=\"widget\" data-settings=\"{&quot;ekit_we_effect_on&quot;:&quot;none&quot;}\" data-widget_type=\"elementskit-team.default\">\n\t\t\t\t<div class=\"elementor-widget-container\">\n\t\t\t<div class=\"ekit-wid-con\">\t\t\t\t\t\t\t\t\n\t\t<div class=\"profile-card elementor-animation- text-center ekit-team-style-default\">\n\t\t\t\t\t\t\n\t\t\t\t<div class=\"profile-header ekit-team-img ekit-img-overlay ekit-team-img-block\" >\n\t\t\t\t\t<img decoding=\"async\" width=\"500\" height=\"500\" src=\"https:\/\/ldc.com.sa\/wp-content\/uploads\/2023\/08\/\u062a\u0635\u0645\u064a\u0645-\u0628\u062f\u0648\u0646-\u0639\u0646\u0648\u0627\u06464.png\" class=\"attachment-large size-large wp-image-3072\" alt=\"\" srcset=\"https:\/\/ldc.com.sa\/wp-content\/uploads\/2023\/08\/\u062a\u0635\u0645\u064a\u0645-\u0628\u062f\u0648\u0646-\u0639\u0646\u0648\u0627\u06464.png 500w, https:\/\/ldc.com.sa\/wp-content\/uploads\/2023\/08\/\u062a\u0635\u0645\u064a\u0645-\u0628\u062f\u0648\u0646-\u0639\u0646\u0648\u0627\u06464-150x150.png 150w\" sizes=\"(max-width: 500px) 100vw, 500px\" \/>\t\t\t\t<\/div><!-- .profile-header END -->\n\t\t\t\t\t\t\n\n\t\t\t\t<div class=\"profile-body\">\n\t\t\t\t\t\n\t\t\t\t\t<h2 class=\"profile-title\">\n\t\t\t\t\t\t\t\t\t\t\tBandar Al-Harbi\t\t\t\t\t\t\t\t\t\t<\/h2>\n\t\t\t\t\t<p class=\"profile-designation\">Avocat et ancien juge<\/p>\n\t\t\t\t\t\t\t\t\t<\/div><!-- .profile-body END -->\n\n\t\t\t\t\t\t\t\t<\/div>\n\t\t\t\t\t\t\t\n\t\t\t\n\t\t\t\t<\/div>\t\t<\/div>\n\t\t\t\t<\/div>\n\t\t\t\t<div class=\"elementor-element elementor-element-b093f6a elementor-widget elementor-widget-elementskit-team\" data-id=\"b093f6a\" data-element_type=\"widget\" data-settings=\"{&quot;ekit_we_effect_on&quot;:&quot;none&quot;}\" data-widget_type=\"elementskit-team.default\">\n\t\t\t\t<div class=\"elementor-widget-container\">\n\t\t\t<div class=\"ekit-wid-con\">\t\t\t\t\t\t\t\t\n\t\t<div class=\"profile-card elementor-animation- text-center ekit-team-style-default\">\n\t\t\t\t\t\t\n\t\t\t\t<div class=\"profile-header ekit-team-img ekit-img-overlay ekit-team-img-block\" >\n\t\t\t\t\t<img decoding=\"async\" width=\"500\" height=\"500\" src=\"https:\/\/ldc.com.sa\/wp-content\/uploads\/2023\/08\/2.png\" class=\"attachment-large size-large wp-image-3074\" alt=\"\" srcset=\"https:\/\/ldc.com.sa\/wp-content\/uploads\/2023\/08\/2.png 500w, https:\/\/ldc.com.sa\/wp-content\/uploads\/2023\/08\/2-150x150.png 150w\" sizes=\"(max-width: 500px) 100vw, 500px\" \/>\t\t\t\t<\/div><!-- .profile-header END -->\n\t\t\t\t\t\t\n\n\t\t\t\t<div class=\"profile-body\">\n\t\t\t\t\t\n\t\t\t\t\t<h2 class=\"profile-title\">\n\t\t\t\t\t\t\t\t\t\t\tAbdul Rahman Al-Hadyan\t\t\t\t\t\t\t\t\t\t<\/h2>\n\t\t\t\t\t<p class=\"profile-designation\">Avocat et associ\u00e9 <\/p>\n\t\t\t\t\t\t\t\t\t<\/div><!-- .profile-body END -->\n\n\t\t\t\t\t\t\t\t<\/div>\n\t\t\t\t\t\t\t\n\t\t\t\n\t\t\t\t<\/div>\t\t<\/div>\n\t\t\t\t<\/div>\n\t\t\t\t<div class=\"elementor-element elementor-element-34af379 elementor-widget elementor-widget-elementskit-team\" data-id=\"34af379\" data-element_type=\"widget\" data-settings=\"{&quot;ekit_we_effect_on&quot;:&quot;none&quot;}\" data-widget_type=\"elementskit-team.default\">\n\t\t\t\t<div class=\"elementor-widget-container\">\n\t\t\t<div class=\"ekit-wid-con\">\t\t\t\t\t\t\t\t\n\t\t<div class=\"profile-card elementor-animation- text-center ekit-team-style-default\">\n\t\t\t\t\t\t\n\t\t\t\t<div class=\"profile-header ekit-team-img ekit-img-overlay ekit-team-img-block\" >\n\t\t\t\t\t<img loading=\"lazy\" decoding=\"async\" width=\"500\" height=\"500\" src=\"https:\/\/ldc.com.sa\/wp-content\/uploads\/2023\/08\/3.png\" class=\"attachment-large size-large wp-image-3075\" alt=\"\" srcset=\"https:\/\/ldc.com.sa\/wp-content\/uploads\/2023\/08\/3.png 500w, https:\/\/ldc.com.sa\/wp-content\/uploads\/2023\/08\/3-150x150.png 150w\" sizes=\"(max-width: 500px) 100vw, 500px\" \/>\t\t\t\t<\/div><!-- .profile-header END -->\n\t\t\t\t\t\t\n\n\t\t\t\t<div class=\"profile-body\">\n\t\t\t\t\t\n\t\t\t\t\t<h2 class=\"profile-title\">\n\t\t\t\t\t\t\t\t\t\t\tNoms de papier\t\t\t\t\t\t\t\t\t\t<\/h2>\n\t\t\t\t\t<p class=\"profile-designation\">Avocat\/consultant juridique <\/p>\n\t\t\t\t\t\t\t\t\t<\/div><!-- .profile-body END -->\n\n\t\t\t\t\t\t\t\t<\/div>\n\t\t\t\t\t\t\t\n\t\t\t\n\t\t\t\t<\/div>\t\t<\/div>\n\t\t\t\t<\/div>\n\t\t\t\t<div class=\"elementor-element elementor-element-b7d87bc elementor-widget elementor-widget-elementskit-team\" data-id=\"b7d87bc\" data-element_type=\"widget\" data-settings=\"{&quot;ekit_we_effect_on&quot;:&quot;none&quot;}\" data-widget_type=\"elementskit-team.default\">\n\t\t\t\t<div class=\"elementor-widget-container\">\n\t\t\t<div class=\"ekit-wid-con\">\t\t\t\t\t\t\t\t\n\t\t<div class=\"profile-card elementor-animation- text-center ekit-team-style-default\">\n\t\t\t\t\t\t\n\t\t\t\t<div class=\"profile-header ekit-team-img ekit-img-overlay ekit-team-img-block\" >\n\t\t\t\t\t<img loading=\"lazy\" decoding=\"async\" width=\"500\" height=\"500\" src=\"https:\/\/ldc.com.sa\/wp-content\/uploads\/2023\/08\/4.png\" class=\"attachment-large size-large wp-image-3076\" alt=\"\" srcset=\"https:\/\/ldc.com.sa\/wp-content\/uploads\/2023\/08\/4.png 500w, https:\/\/ldc.com.sa\/wp-content\/uploads\/2023\/08\/4-150x150.png 150w\" sizes=\"(max-width: 500px) 100vw, 500px\" \/>\t\t\t\t<\/div><!-- .profile-header END -->\n\t\t\t\t\t\t\n\n\t\t\t\t<div class=\"profile-body\">\n\t\t\t\t\t\n\t\t\t\t\t<h2 class=\"profile-title\">\n\t\t\t\t\t\t\t\t\t\t\tFatima Al-Sunaidi\t\t\t\t\t\t\t\t\t\t<\/h2>\n\t\t\t\t\t<p class=\"profile-designation\">Avocat\/consultant juridique <\/p>\n\t\t\t\t\t\t\t\t\t<\/div><!-- .profile-body END -->\n\n\t\t\t\t\t\t\t\t<\/div>\n\t\t\t\t\t\t\t\n\t\t\t\n\t\t\t\t<\/div>\t\t<\/div>\n\t\t\t\t<\/div>\n\t\t\t\t<div class=\"elementor-element elementor-element-c428c92 elementor-widget elementor-widget-elementskit-team\" data-id=\"c428c92\" data-element_type=\"widget\" data-settings=\"{&quot;ekit_we_effect_on&quot;:&quot;none&quot;}\" data-widget_type=\"elementskit-team.default\">\n\t\t\t\t<div class=\"elementor-widget-container\">\n\t\t\t<div class=\"ekit-wid-con\">\t\t\t\t\t\t\t\t\n\t\t<div class=\"profile-card elementor-animation- text-center ekit-team-style-default\">\n\t\t\t\t\t\t\n\t\t\t\t<div class=\"profile-header ekit-team-img ekit-img-overlay ekit-team-img-block\" >\n\t\t\t\t\t<img loading=\"lazy\" decoding=\"async\" width=\"500\" height=\"500\" src=\"https:\/\/ldc.com.sa\/wp-content\/uploads\/2023\/08\/5.png\" class=\"attachment-large size-large wp-image-3077\" alt=\"\" srcset=\"https:\/\/ldc.com.sa\/wp-content\/uploads\/2023\/08\/5.png 500w, https:\/\/ldc.com.sa\/wp-content\/uploads\/2023\/08\/5-150x150.png 150w\" sizes=\"(max-width: 500px) 100vw, 500px\" \/>\t\t\t\t<\/div><!-- .profile-header END -->\n\t\t\t\t\t\t\n\n\t\t\t\t<div class=\"profile-body\">\n\t\t\t\t\t\n\t\t\t\t\t<h2 class=\"profile-title\">\n\t\t\t\t\t\t\t\t\t\t\tMashael Al-Qahtani \t\t\t\t\t\t\t\t\t\t<\/h2>\n\t\t\t\t\t<p class=\"profile-designation\">Avocat\/consultant juridique <\/p>\n\t\t\t\t\t\t\t\t\t<\/div><!-- .profile-body END -->\n\n\t\t\t\t\t\t\t\t<\/div>\n\t\t\t\t\t\t\t\n\t\t\t\n\t\t\t\t<\/div>\t\t<\/div>\n\t\t\t\t<\/div>\n\t\t\t\t<div class=\"elementor-element elementor-element-c4e8968 elementor-widget elementor-widget-elementskit-team\" data-id=\"c4e8968\" data-element_type=\"widget\" data-settings=\"{&quot;ekit_we_effect_on&quot;:&quot;none&quot;}\" data-widget_type=\"elementskit-team.default\">\n\t\t\t\t<div class=\"elementor-widget-container\">\n\t\t\t<div class=\"ekit-wid-con\">\t\t\t\t\t\t\t\t\n\t\t<div class=\"profile-card elementor-animation- text-center ekit-team-style-default\">\n\t\t\t\t\t\t\n\t\t\t\t<div class=\"profile-header ekit-team-img ekit-img-overlay ekit-team-img-block\" >\n\t\t\t\t\t<img loading=\"lazy\" decoding=\"async\" width=\"500\" height=\"500\" src=\"https:\/\/ldc.com.sa\/wp-content\/uploads\/2023\/08\/8.png\" class=\"attachment-large size-large wp-image-3080\" alt=\"\" srcset=\"https:\/\/ldc.com.sa\/wp-content\/uploads\/2023\/08\/8.png 500w, https:\/\/ldc.com.sa\/wp-content\/uploads\/2023\/08\/8-150x150.png 150w\" sizes=\"(max-width: 500px) 100vw, 500px\" \/>\t\t\t\t<\/div><!-- .profile-header END -->\n\t\t\t\t\t\t\n\n\t\t\t\t<div class=\"profile-body\">\n\t\t\t\t\t\n\t\t\t\t\t<h2 class=\"profile-title\">\n\t\t\t\t\t\t\t\t\t\t\tHajar Al-Mutairi\t\t\t\t\t\t\t\t\t\t<\/h2>\n\t\t\t\t\t<p class=\"profile-designation\">une avocate<\/p>\n\t\t\t\t\t\t\t\t\t<\/div><!-- .profile-body END -->\n\n\t\t\t\t\t\t\t\t<\/div>\n\t\t\t\t\t\t\t\n\t\t\t\n\t\t\t\t<\/div>\t\t<\/div>\n\t\t\t\t<\/div>\n\t\t\t\t<div class=\"elementor-element elementor-element-32d4262 elementor-widget elementor-widget-elementskit-team\" data-id=\"32d4262\" data-element_type=\"widget\" data-settings=\"{&quot;ekit_we_effect_on&quot;:&quot;none&quot;}\" data-widget_type=\"elementskit-team.default\">\n\t\t\t\t<div class=\"elementor-widget-container\">\n\t\t\t<div class=\"ekit-wid-con\">\t\t\t\t\t\t\t\t\n\t\t<div class=\"profile-card elementor-animation- text-center ekit-team-style-default\">\n\t\t\t\t\t\t\n\t\t\t\t<div class=\"profile-header ekit-team-img ekit-img-overlay ekit-team-img-block\" >\n\t\t\t\t\t<img loading=\"lazy\" decoding=\"async\" width=\"500\" height=\"500\" src=\"https:\/\/ldc.com.sa\/wp-content\/uploads\/2023\/08\/10.png\" class=\"attachment-large size-large wp-image-3082\" alt=\"\" srcset=\"https:\/\/ldc.com.sa\/wp-content\/uploads\/2023\/08\/10.png 500w, https:\/\/ldc.com.sa\/wp-content\/uploads\/2023\/08\/10-150x150.png 150w\" sizes=\"(max-width: 500px) 100vw, 500px\" \/>\t\t\t\t<\/div><!-- .profile-header END -->\n\t\t\t\t\t\t\n\n\t\t\t\t<div class=\"profile-body\">\n\t\t\t\t\t\n\t\t\t\t\t<h2 class=\"profile-title\">\n\t\t\t\t\t\t\t\t\t\t\tRubab Al-Arf\t\t\t\t\t\t\t\t\t\t<\/h2>\n\t\t\t\t\t<p class=\"profile-designation\">une avocate<\/p>\n\t\t\t\t\t\t\t\t\t<\/div><!-- .profile-body END -->\n\n\t\t\t\t\t\t\t\t<\/div>\n\t\t\t\t\t\t\t\n\t\t\t\n\t\t\t\t<\/div>\t\t<\/div>\n\t\t\t\t<\/div>\n\t\t\t\t<div class=\"elementor-element elementor-element-4f421b5 elementor-widget elementor-widget-elementskit-team\" data-id=\"4f421b5\" data-element_type=\"widget\" data-settings=\"{&quot;ekit_we_effect_on&quot;:&quot;none&quot;}\" data-widget_type=\"elementskit-team.default\">\n\t\t\t\t<div class=\"elementor-widget-container\">\n\t\t\t<div class=\"ekit-wid-con\">\t\t\t\t\t\t\t\t\n\t\t<div class=\"profile-card elementor-animation- text-center ekit-team-style-default\">\n\t\t\t\t\t\t\n\t\t\t\t<div class=\"profile-header ekit-team-img ekit-img-overlay ekit-team-img-block\" >\n\t\t\t\t\t<img loading=\"lazy\" decoding=\"async\" width=\"500\" height=\"500\" src=\"https:\/\/ldc.com.sa\/wp-content\/uploads\/2023\/08\/9.png\" class=\"attachment-large size-large wp-image-3081\" alt=\"\" srcset=\"https:\/\/ldc.com.sa\/wp-content\/uploads\/2023\/08\/9.png 500w, https:\/\/ldc.com.sa\/wp-content\/uploads\/2023\/08\/9-150x150.png 150w\" sizes=\"(max-width: 500px) 100vw, 500px\" \/>\t\t\t\t<\/div><!-- .profile-header END -->\n\t\t\t\t\t\t\n\n\t\t\t\t<div class=\"profile-body\">\n\t\t\t\t\t\n\t\t\t\t\t<h2 class=\"profile-title\">\n\t\t\t\t\t\t\t\t\t\t\tFadi\t\t\t\t\t\t\t\t\t\t<\/h2>\n\t\t\t\t\t<p class=\"profile-designation\">Conseiller juridique<\/p>\n\t\t\t\t\t\t\t\t\t<\/div><!-- .profile-body END -->\n\n\t\t\t\t\t\t\t\t<\/div>\n\t\t\t\t\t\t\t\n\t\t\t\n\t\t\t\t<\/div>\t\t<\/div>\n\t\t\t\t<\/div>\n\t\t\t\t<div class=\"elementor-element elementor-element-f9ad70b elementor-widget elementor-widget-elementskit-team\" data-id=\"f9ad70b\" data-element_type=\"widget\" data-settings=\"{&quot;ekit_we_effect_on&quot;:&quot;none&quot;}\" data-widget_type=\"elementskit-team.default\">\n\t\t\t\t<div class=\"elementor-widget-container\">\n\t\t\t<div class=\"ekit-wid-con\">\t\t\t\t\t\t\t\t\n\t\t<div class=\"profile-card elementor-animation- text-center ekit-team-style-default\">\n\t\t\t\t\t\t\n\t\t\t\t<div class=\"profile-header ekit-team-img ekit-img-overlay ekit-team-img-block\" >\n\t\t\t\t\t<img loading=\"lazy\" decoding=\"async\" width=\"500\" height=\"500\" src=\"https:\/\/ldc.com.sa\/wp-content\/uploads\/2023\/08\/6.png\" class=\"attachment-large size-large wp-image-3078\" alt=\"\" srcset=\"https:\/\/ldc.com.sa\/wp-content\/uploads\/2023\/08\/6.png 500w, https:\/\/ldc.com.sa\/wp-content\/uploads\/2023\/08\/6-150x150.png 150w\" sizes=\"(max-width: 500px) 100vw, 500px\" \/>\t\t\t\t<\/div><!-- .profile-header END -->\n\t\t\t\t\t\t\n\n\t\t\t\t<div class=\"profile-body\">\n\t\t\t\t\t\n\t\t\t\t\t<h2 class=\"profile-title\">\n\t\t\t\t\t\t\t\t\t\t\tHamad Al-Janadel\t\t\t\t\t\t\t\t\t\t<\/h2>\n\t\t\t\t\t<p class=\"profile-designation\">Avocat et conseiller juridique<\/p>\n\t\t\t\t\t\t\t\t\t<\/div><!-- .profile-body END -->\n\n\t\t\t\t\t\t\t\t<\/div>\n\t\t\t\t\t\t\t\n\t\t\t\n\t\t\t\t<\/div>\t\t<\/div>\n\t\t\t\t<\/div>\n\t\t\t\t<div class=\"elementor-element elementor-element-125bcc6 elementor-widget elementor-widget-elementskit-team\" data-id=\"125bcc6\" data-element_type=\"widget\" data-settings=\"{&quot;ekit_we_effect_on&quot;:&quot;none&quot;}\" data-widget_type=\"elementskit-team.default\">\n\t\t\t\t<div class=\"elementor-widget-container\">\n\t\t\t<div class=\"ekit-wid-con\">\t\t\t\t\t\t\t\t\n\t\t<div class=\"profile-card elementor-animation- text-center ekit-team-style-default\">\n\t\t\t\t\t\t\n\t\t\t\t<div class=\"profile-header ekit-team-img ekit-img-overlay ekit-team-img-block\" >\n\t\t\t\t\t<img loading=\"lazy\" decoding=\"async\" width=\"500\" height=\"500\" src=\"https:\/\/ldc.com.sa\/wp-content\/uploads\/2023\/08\/7.png\" class=\"attachment-large size-large wp-image-3079\" alt=\"\" srcset=\"https:\/\/ldc.com.sa\/wp-content\/uploads\/2023\/08\/7.png 500w, https:\/\/ldc.com.sa\/wp-content\/uploads\/2023\/08\/7-150x150.png 150w\" sizes=\"(max-width: 500px) 100vw, 500px\" \/>\t\t\t\t<\/div><!-- .profile-header END -->\n\t\t\t\t\t\t\n\n\t\t\t\t<div class=\"profile-body\">\n\t\t\t\t\t\n\t\t\t\t\t<h2 class=\"profile-title\">\n\t\t\t\t\t\t\t\t\t\t\tAbdellah El matiri\t\t\t\t\t\t\t\t\t\t<\/h2>\n\t\t\t\t\t<p class=\"profile-designation\">Avocat et conseiller juridique<\/p>\n\t\t\t\t\t\t\t\t\t<\/div><!-- .profile-body END -->\n\n\t\t\t\t\t\t\t\t<\/div>\n\t\t\t\t\t\t\t\n\t\t\t\n\t\t\t\t<\/div>\t\t<\/div>\n\t\t\t\t<\/div>\n\t\t\t\t<div class=\"elementor-element elementor-element-5cc7267 elementor-widget elementor-widget-elementskit-team\" data-id=\"5cc7267\" data-element_type=\"widget\" data-settings=\"{&quot;ekit_we_effect_on&quot;:&quot;none&quot;}\" data-widget_type=\"elementskit-team.default\">\n\t\t\t\t<div class=\"elementor-widget-container\">\n\t\t\t<div class=\"ekit-wid-con\">\t\t\t\t\t\t\t\t\n\t\t<div class=\"profile-card elementor-animation- text-center ekit-team-style-default\">\n\t\t\t\t\t\t\n\t\t\t\t<div class=\"profile-header ekit-team-img ekit-img-overlay ekit-team-img-block\" >\n\t\t\t\t\t<img loading=\"lazy\" decoding=\"async\" width=\"1708\" height=\"2560\" src=\"https:\/\/ldc.com.sa\/wp-content\/uploads\/2023\/08\/DSC_0030-AA-scaled.jpg\" class=\"attachment-medium size-medium wp-image-3105\" alt=\"\" srcset=\"https:\/\/ldc.com.sa\/wp-content\/uploads\/2023\/08\/DSC_0030-AA-scaled.jpg 1708w, https:\/\/ldc.com.sa\/wp-content\/uploads\/2023\/08\/DSC_0030-AA-768x1151.jpg 768w, https:\/\/ldc.com.sa\/wp-content\/uploads\/2023\/08\/DSC_0030-AA-1025x1536.jpg 1025w, https:\/\/ldc.com.sa\/wp-content\/uploads\/2023\/08\/DSC_0030-AA-1367x2048.jpg 1367w, https:\/\/ldc.com.sa\/wp-content\/uploads\/2023\/08\/DSC_0030-AA-8x12.jpg 8w\" sizes=\"(max-width: 1708px) 100vw, 1708px\" \/>\t\t\t\t<\/div><!-- .profile-header END -->\n\t\t\t\t\t\t\n\n\t\t\t\t<div class=\"profile-body\">\n\t\t\t\t\t\n\t\t\t\t\t<h2 class=\"profile-title\">\n\t\t\t\t\t\t\t\t\t\t\tAhmed Al-Youssef \t\t\t\t\t\t\t\t\t\t<\/h2>\n\t\t\t\t\t<p class=\"profile-designation\">Avocat et conseiller juridique<\/p>\n\t\t\t\t\t\t\t\t\t<\/div><!-- .profile-body END -->\n\n\t\t\t\t\t\t\t\t<\/div>\n\t\t\t\t\t\t\t\n\t\t\t\n\t\t\t\t<\/div>\t\t<\/div>\n\t\t\t\t<\/div>\n\t\t\t\t\t<\/div>\n\t\t\t\t<\/div>\n\t\t\t\t\t<\/div>\n\t\t<\/div>\n\t\t\t\t\t<\/div>\n\t\t<\/section>\n\t\t\t\t\t<\/div>\n\t\t<\/div>\n\t\t\t\t\t<\/div>\n\t\t<\/section>\n\t\t\t\t<\/div>","protected":false},"excerpt":{"rendered":"<p>\u0645\u0633\u062a\u0634\u0627\u0631\u0648\u0646\u0627 \u062a\u0639\u0631\u0641\u0648\u0627 \u0639\u0644\u0649 \u0641\u0631\u064a\u0642 \u0639\u0645\u0644\u0646\u0627 \u0641\u064a \u0634\u0631\u0643\u0629 \u0627\u0644\u0625\u062a\u062c\u0627\u0647 \u0627\u0644\u0639\u062f\u0644\u064a LDC \u0639\u0628\u062f\u0627\u0644\u0644\u0647 \u0627\u0644\u062f\u0648\u0633\u0631\u064a \u0645\u062d\u0627\u0645\u064a \u0648\u0627\u0644\u0645\u0624\u0633\u0633 \u0644\u0634\u0631\u0643\u0629 \u0627\u0644\u0625\u062a\u062c\u0627\u0647 \u0627\u0644\u0639\u062f\u0644\u064a \u0628\u0646\u062f\u0631 \u0627\u0644\u062d\u0631\u0628\u064a \u0645\u062d\u0627\u0645\u064a \u0648\u0642\u0627\u0636\u064a \u0633\u0627\u0628\u0642 \u0639\u0628\u062f\u0627\u0644\u0631\u062d\u0645\u0646 \u0627\u0644\u0647\u062f\u064a\u0627\u0646 \u0645\u062d\u0627\u0645\u064a \u0648\u0634\u0631\u064a\u0643 \u0627\u0633\u0645\u0627\u0621 \u0628\u0648\u0631\u0642\u0647 \u0645\u062d\u0627\u0645\u064a\u0629 \/ \u0645\u0633\u062a\u0634\u0627\u0631\u0629 \u0642\u0627\u0646\u0648\u0646\u064a\u0629 \u0641\u0627\u0637\u0645\u0629 \u0627\u0644\u0633\u0646\u064a\u062f\u064a \u0645\u062d\u0627\u0645\u064a\u0629 \/ \u0645\u0633\u062a\u0634\u0627\u0631\u0629 \u0642\u0627\u0646\u0648\u0646\u064a\u0629 \u0645\u0634\u0627\u0639\u0644 \u0627\u0644\u0642\u062d\u0637\u0627\u0646\u064a \u0645\u062d\u0627\u0645\u064a\u0629\/ \u0645\u0633\u062a\u0634\u0627\u0631\u0629 \u0642\u0627\u0646\u0648\u0646\u064a\u0629 \u0647\u0627\u062c\u0631 \u0627\u0644\u0645\u0637\u064a\u0631\u064a \u0645\u062d\u0627\u0645\u064a\u0629 \u0631\u0648\u0627\u0628 \u0627\u0644\u0639\u0631\u0641 \u0645\u062d\u0627\u0645\u064a\u0629 \u0641\u0627\u062f\u064a \u0645\u0633\u062a\u0634\u0627\u0631 \u0642\u0627\u0646\u0648\u0646\u064a \u062d\u0645\u062f \u0627\u0644\u062c\u0646\u064a\u062f\u0644 \u0645\u062d\u0627\u0645\u064a [&hellip;]<\/p>","protected":false},"author":1,"featured_media":0,"parent":0,"menu_order":0,"comment_status":"closed","ping_status":"closed","template":"template\/full-width-template.php","meta":{"footnotes":""},"_links":{"self":[{"href":"https:\/\/ldc.com.sa\/fr\/wp-json\/wp\/v2\/pages\/2289"}],"collection":[{"href":"https:\/\/ldc.com.sa\/fr\/wp-json\/wp\/v2\/pages"}],"about":[{"href":"https:\/\/ldc.com.sa\/fr\/wp-json\/wp\/v2\/types\/page"}],"author":[{"embeddable":true,"href":"https:\/\/ldc.com.sa\/fr\/wp-json\/wp\/v2\/users\/1"}],"replies":[{"embeddable":true,"href":"https:\/\/ldc.com.sa\/fr\/wp-json\/wp\/v2\/comments?post=2289"}],"version-history":[{"count":20,"href":"https:\/\/ldc.com.sa\/fr\/wp-json\/wp\/v2\/pages\/2289\/revisions"}],"predecessor-version":[{"id":3115,"href":"https:\/\/ldc.com.sa\/fr\/wp-json\/wp\/v2\/pages\/2289\/revisions\/3115"}],"wp:attachment":[{"href":"https:\/\/ldc.com.sa\/fr\/wp-json\/wp\/v2\/media?parent=2289"}],"curies":[{"name":"wp","href":"https:\/\/api.w.org\/{rel}","templated":true}]}}